{"id":760,"date":"2024-10-11T11:53:57","date_gmt":"2024-10-11T11:53:57","guid":{"rendered":"https:\/\/www.marcellanabogados.com\/legal-notice\/"},"modified":"2024-12-11T09:13:45","modified_gmt":"2024-12-11T09:13:45","slug":"legal-notice","status":"publish","type":"page","link":"https:\/\/www.marcellanabogados.com\/en\/legal-notice\/","title":{"rendered":"Legal Notice"},"content":{"rendered":"\t\t<div data-elementor-type=\"wp-page\" data-elementor-id=\"760\" class=\"elementor elementor-760 elementor-11\" data-elementor-post-type=\"page\">\n\t\t\t\t<div class=\"elementor-element elementor-element-f3c4ae1 e-flex e-con-boxed e-con e-parent\" data-id=\"f3c4ae1\" data-element_type=\"container\" data-settings=\"{&quot;jet_parallax_layout_list&quot;:[]}\">\n\t\t\t\t\t<div class=\"e-con-inner\">\n\t\t<div class=\"elementor-element elementor-element-0b24b07 e-con-full e-flex e-con e-child\" data-id=\"0b24b07\" data-element_type=\"container\" data-settings=\"{&quot;jet_parallax_layout_list&quot;:[]}\">\n\t\t\t\t<div class=\"elementor-element elementor-element-cb9fa46 elementor-widget-divider--view-line elementor-widget elementor-widget-divider\" data-id=\"cb9fa46\" data-element_type=\"widget\" data-widget_type=\"divider.default\">\n\t\t\t\t<div class=\"elementor-widget-container\">\n\t\t\t\t\t<div class=\"elementor-divider\">\n\t\t\t<span class=\"elementor-divider-separator\">\n\t\t\t\t\t\t<\/span>\n\t\t<\/div>\n\t\t\t\t<\/div>\n\t\t\t\t<\/div>\n\t\t\t\t<div class=\"elementor-element elementor-element-01edd58 elementor-widget elementor-widget-heading\" data-id=\"01edd58\" data-element_type=\"widget\" data-widget_type=\"heading.default\">\n\t\t\t\t<div class=\"elementor-widget-container\">\n\t\t\t<h1 class=\"elementor-heading-title elementor-size-default\">Legal Notice<\/h1>\t\t<\/div>\n\t\t\t\t<\/div>\n\t\t\t\t<\/div>\n\t\t\t\t\t<\/div>\n\t\t\t\t<\/div>\n\t\t<div class=\"elementor-element elementor-element-588dc5ba e-flex e-con-boxed e-con e-parent\" data-id=\"588dc5ba\" data-element_type=\"container\" data-settings=\"{&quot;jet_parallax_layout_list&quot;:[]}\">\n\t\t\t\t\t<div class=\"e-con-inner\">\n\t\t<div class=\"elementor-element elementor-element-51eee9f e-con-full e-flex e-con e-child\" data-id=\"51eee9f\" data-element_type=\"container\" data-settings=\"{&quot;jet_parallax_layout_list&quot;:[]}\">\n\t\t\t\t<div class=\"elementor-element elementor-element-46412335 elementor-widget elementor-widget-text-editor\" data-id=\"46412335\" data-element_type=\"widget\" data-widget_type=\"text-editor.default\">\n\t\t\t\t<div class=\"elementor-widget-container\">\n\t\t\t\t\t\t\t<span style=\"font-weight: 400;\">This notice (the \u201cLegal Notice\u201d) governs the use of the internet portal service \u201c<\/span><a href=\"http:\/\/www.marcellanabogados.xn--com-9o0a\/\"><span style=\"font-weight: 400;\">http:\/\/www.marcellanabogados.com\u201d<\/span><\/a><span style=\"font-weight: 400;\"> (the \u201cPortal\u201d) provided by Daniel Marcell\u00e1n Alb\u00e1car (\u201cMarcell\u00e1n Abogados\u201d) for internet users. The use of the Portal implies the condition of the Portal user (\u201cthe User\u201d) and implies the full and unconditional acceptance of all provisions included in this Legal Notice in the version published by Marcell\u00e1n Abogados at the moment the User<\/span><span style=\"font-weight: 400;\">\u00a0accesses the Portal. Therefore, the User must read this Legal Notice every time they intend to use the Portal, as both the Portal itself and this Legal Notice may undergo modifications.\r\n<\/span>\r\n\r\n<b>General Data<\/b>\r\n\r\n<span style=\"font-weight: 400;\">Daniel Marcell\u00e1n Alb\u00e1car, owner of Marcell\u00e1n Abogados, with registered office at Calle Sanclemente, 13, 1\u00ba Izq., 50001, Zaragoza (Spain), N.I.F. number 17.727.392-G. Phone: 976 795348. Fax: 976 237850.<\/span>\r\n\r\n<span style=\"font-weight: 400;\">Marcell\u00e1n Abogados is the owner of the domain name marcellanabogados.com and the web pages accessed through this domain <\/span><a href=\"http:\/\/www.marcellanabogados.com\/\"><span style=\"font-weight: 400;\">http:\/\/www.marcellanabogados.com<\/span><\/a><span style=\"font-weight: 400;\">. Access to the website is free, except for the connection costs via the corresponding telecommunications network for the User. The legal services provided by the firm are not offered through the Portal.<\/span>\r\n\r\n<span style=\"font-weight: 400;\">The regulations applicable to the practice of our profession can be found on the website: <\/span><a href=\"http:\/\/www.cgae.es\/\"><span style=\"font-weight: 400;\">www.cgae.es<\/span><\/a><span style=\"font-weight: 400;\">.<\/span>\r\n\r\n<b>Website Purpose and Content<\/b>\r\n\r\n<span style=\"font-weight: 400;\">This website is for informational purposes only. The information included on the website, particularly in the Current Affairs section, does not constitute legal advice and its use is the sole responsibility of the user.<\/span>\r\n\r\n<span style=\"font-weight: 400;\">Marcell\u00e1n Abogados shall not be liable for any errors or omissions in the information provided, nor for any specific application or use of the information.<\/span>\r\n\r\n<span style=\"font-weight: 400;\">Marcell\u00e1n Abogados reserves the right to modify at any time and without prior notice the content of the website, this Legal Notice, any specific legal notices, as well as the terms of use or privacy policy that may apply to the website.<\/span>\r\n\r\n<b>Intellectual Property<\/b>\r\n\r\n<span style=\"font-weight: 400;\">All rights over the content, both textual and graphic, of the website and the content in the Current Affairs section are reserved in favor of Marcell\u00e1n Abogados.<\/span>\r\n\r\n<b>Links<\/b>\r\n\r\n<span style=\"font-weight: 400;\">By clicking on any of the links that may appear on our website, you acknowledge that you do so for informational purposes only, and you recognize that Marcell\u00e1n Abogados does not exercise any control or assume responsibility over the content of the information accessed.<\/span>\r\n\r\n<b>Applicable Law<\/b>\r\n\r\n<span style=\"font-weight: 400;\">This Legal Notice is governed by the applicable national regulations.<\/span>\r\n\r\n<b>Data Protection<\/b>\r\n\r\n<span style=\"font-weight: 400;\">In compliance with Organic Law 3\/2018 on Personal Data Protection and Guarantee of Digital Rights and Regulation (EU) 2016\/679 of the European Parliament and Council of April 27, 2016, regarding the protection of individuals concerning the processing of personal data and the free movement of such data, we inform you that any personal data provided through the website <\/span><a href=\"http:\/\/www.marcellanabogados.com\/\"><span style=\"font-weight: 400;\">www.marcellanabogados.com<\/span><\/a><span style=\"font-weight: 400;\"> will be treated confidentially and will form part of the personal data files owned by Marcell\u00e1n Abogados.<\/span>\r\n\r\n<span style=\"font-weight: 400;\">Marcell\u00e1n Abogados informs you that you can exercise your rights of access, rectification, deletion, restriction of processing, portability, or opposition by sending an email to <\/span><a href=\"mailto:info@marcellanabogados.com\"><span style=\"font-weight: 400;\">info@marcellanabogados.com<\/span><\/a><span style=\"font-weight: 400;\"> or by sending a letter to Marcell\u00e1n Abogados, Calle Sanclemente, 13, 1\u00ba Izq., 50001, Zaragoza (Spain), along with a copy of your National ID.<\/span>\r\n\r\n<span style=\"font-weight: 400;\"><strong><u>Privacy Policy (reduced section within the legal notice)<\/u><\/strong><strong>.<\/strong><\/span>\r\n\r\nMarcell\u00e1n Abogados complies with the guidelines of Organic Law 3\/2018 on the Protection of Personal Data and Guarantee of Digital Rights, as well as with Regulation (EU) 2016\/679 of the European Parliament and the Council of April 27, 2016, on the protection of natural persons with regard to the processing of personal data and the free movement of such data, repealing Directive 95\/46\/EC, and ensures the proper use and processing of users&#8217; personal data.\r\n\r\n<span style=\"font-weight: 400;\">\u00a0<\/span>\t\t\t\t\t\t<\/div>\n\t\t\t\t<\/div>\n\t\t\t\t<\/div>\n\t\t\t\t\t<\/div>\n\t\t\t\t<\/div>\n\t\t\t\t<\/div>\n\t\t","protected":false},"excerpt":{"rendered":"<p>Legal Notice This notice (the \u201cLegal Notice\u201d) governs the use of the internet portal service \u201chttp:\/\/www.marcellanabogados.com\u201d (the \u201cPortal\u201d) provided by Daniel Marcell\u00e1n Alb\u00e1car (\u201cMarcell\u00e1n Abogados\u201d) for internet users. The use of the Portal implies the condition of the Portal user (\u201cthe User\u201d) and implies the full and unconditional acceptance of all provisions included in this [&hellip;]<\/p>\n","protected":false},"author":1,"featured_media":0,"parent":0,"menu_order":0,"comment_status":"closed","ping_status":"closed","template":"","meta":{"footnotes":""},"class_list":["post-760","page","type-page","status-publish","hentry"],"yoast_head":"<!-- This site is optimized with the Yoast SEO plugin v24.1 - https:\/\/yoast.com\/wordpress\/plugins\/seo\/ -->\n<title>Legal Notice - Marcellan<\/title>\n<meta name=\"robots\" content=\"index, follow, max-snippet:-1, max-image-preview:large, max-video-preview:-1\" \/>\n<link rel=\"canonical\" href=\"https:\/\/www.marcellanabogados.com\/aviso-legal\/\" \/>\n<meta property=\"og:locale\" content=\"en_US\" \/>\n<meta property=\"og:type\" content=\"article\" \/>\n<meta property=\"og:title\" content=\"Legal Notice - Marcellan\" \/>\n<meta property=\"og:description\" content=\"Legal Notice This notice (the \u201cLegal Notice\u201d) governs the use of the internet portal service \u201chttp:\/\/www.marcellanabogados.com\u201d (the \u201cPortal\u201d) provided by Daniel Marcell\u00e1n Alb\u00e1car (\u201cMarcell\u00e1n Abogados\u201d) for internet users. The use of the Portal implies the condition of the Portal user (\u201cthe User\u201d) and implies the full and unconditional acceptance of all provisions included in this [&hellip;]\" \/>\n<meta property=\"og:url\" content=\"https:\/\/www.marcellanabogados.com\/aviso-legal\/\" \/>\n<meta property=\"og:site_name\" content=\"Marcellan\" \/>\n<meta property=\"article:modified_time\" content=\"2024-12-11T09:13:45+00:00\" \/>\n<meta name=\"twitter:card\" content=\"summary_large_image\" \/>\n<meta name=\"twitter:label1\" content=\"Est. reading time\" \/>\n\t<meta name=\"twitter:data1\" content=\"3 minutes\" \/>\n<script type=\"application\/ld+json\" class=\"yoast-schema-graph\">{\"@context\":\"https:\/\/schema.org\",\"@graph\":[{\"@type\":\"WebPage\",\"@id\":\"https:\/\/www.marcellanabogados.com\/aviso-legal\/\",\"url\":\"https:\/\/www.marcellanabogados.com\/aviso-legal\/\",\"name\":\"Legal Notice - Marcellan\",\"isPartOf\":{\"@id\":\"https:\/\/www.marcellanabogados.com\/#website\"},\"datePublished\":\"2024-10-11T11:53:57+00:00\",\"dateModified\":\"2024-12-11T09:13:45+00:00\",\"breadcrumb\":{\"@id\":\"https:\/\/www.marcellanabogados.com\/aviso-legal\/#breadcrumb\"},\"inLanguage\":\"en-US\",\"potentialAction\":[{\"@type\":\"ReadAction\",\"target\":[\"https:\/\/www.marcellanabogados.com\/aviso-legal\/\"]}]},{\"@type\":\"BreadcrumbList\",\"@id\":\"https:\/\/www.marcellanabogados.com\/aviso-legal\/#breadcrumb\",\"itemListElement\":[{\"@type\":\"ListItem\",\"position\":1,\"name\":\"Home\",\"item\":\"https:\/\/www.marcellanabogados.com\/\"},{\"@type\":\"ListItem\",\"position\":2,\"name\":\"Legal Notice\"}]},{\"@type\":\"WebSite\",\"@id\":\"https:\/\/www.marcellanabogados.com\/#website\",\"url\":\"https:\/\/www.marcellanabogados.com\/\",\"name\":\"Marcellan\",\"description\":\"Marcellan\",\"publisher\":{\"@id\":\"https:\/\/www.marcellanabogados.com\/#organization\"},\"potentialAction\":[{\"@type\":\"SearchAction\",\"target\":{\"@type\":\"EntryPoint\",\"urlTemplate\":\"https:\/\/www.marcellanabogados.com\/?s={search_term_string}\"},\"query-input\":{\"@type\":\"PropertyValueSpecification\",\"valueRequired\":true,\"valueName\":\"search_term_string\"}}],\"inLanguage\":\"en-US\"},{\"@type\":\"Organization\",\"@id\":\"https:\/\/www.marcellanabogados.com\/#organization\",\"name\":\"Marcellan\",\"url\":\"https:\/\/www.marcellanabogados.com\/\",\"logo\":{\"@type\":\"ImageObject\",\"inLanguage\":\"en-US\",\"@id\":\"https:\/\/www.marcellanabogados.com\/#\/schema\/logo\/image\/\",\"url\":\"https:\/\/www.marcellanabogados.com\/wp-content\/uploads\/2024\/10\/LOGO-NEGRO-1.png\",\"contentUrl\":\"https:\/\/www.marcellanabogados.com\/wp-content\/uploads\/2024\/10\/LOGO-NEGRO-1.png\",\"width\":613,\"height\":117,\"caption\":\"Marcellan\"},\"image\":{\"@id\":\"https:\/\/www.marcellanabogados.com\/#\/schema\/logo\/image\/\"},\"sameAs\":[\"https:\/\/www.linkedin.com\/company\/marcellan-abogados\/\"]}]}<\/script>\n<!-- \/ Yoast SEO plugin. -->","yoast_head_json":{"title":"Legal Notice - Marcellan","robots":{"index":"index","follow":"follow","max-snippet":"max-snippet:-1","max-image-preview":"max-image-preview:large","max-video-preview":"max-video-preview:-1"},"canonical":"https:\/\/www.marcellanabogados.com\/aviso-legal\/","og_locale":"en_US","og_type":"article","og_title":"Legal Notice - Marcellan","og_description":"Legal Notice This notice (the \u201cLegal Notice\u201d) governs the use of the internet portal service \u201chttp:\/\/www.marcellanabogados.com\u201d (the \u201cPortal\u201d) provided by Daniel Marcell\u00e1n Alb\u00e1car (\u201cMarcell\u00e1n Abogados\u201d) for internet users. The use of the Portal implies the condition of the Portal user (\u201cthe User\u201d) and implies the full and unconditional acceptance of all provisions included in this [&hellip;]","og_url":"https:\/\/www.marcellanabogados.com\/aviso-legal\/","og_site_name":"Marcellan","article_modified_time":"2024-12-11T09:13:45+00:00","twitter_card":"summary_large_image","twitter_misc":{"Est. reading time":"3 minutes"},"schema":{"@context":"https:\/\/schema.org","@graph":[{"@type":"WebPage","@id":"https:\/\/www.marcellanabogados.com\/aviso-legal\/","url":"https:\/\/www.marcellanabogados.com\/aviso-legal\/","name":"Legal Notice - Marcellan","isPartOf":{"@id":"https:\/\/www.marcellanabogados.com\/#website"},"datePublished":"2024-10-11T11:53:57+00:00","dateModified":"2024-12-11T09:13:45+00:00","breadcrumb":{"@id":"https:\/\/www.marcellanabogados.com\/aviso-legal\/#breadcrumb"},"inLanguage":"en-US","potentialAction":[{"@type":"ReadAction","target":["https:\/\/www.marcellanabogados.com\/aviso-legal\/"]}]},{"@type":"BreadcrumbList","@id":"https:\/\/www.marcellanabogados.com\/aviso-legal\/#breadcrumb","itemListElement":[{"@type":"ListItem","position":1,"name":"Home","item":"https:\/\/www.marcellanabogados.com\/"},{"@type":"ListItem","position":2,"name":"Legal Notice"}]},{"@type":"WebSite","@id":"https:\/\/www.marcellanabogados.com\/#website","url":"https:\/\/www.marcellanabogados.com\/","name":"Marcellan","description":"Marcellan","publisher":{"@id":"https:\/\/www.marcellanabogados.com\/#organization"},"potentialAction":[{"@type":"SearchAction","target":{"@type":"EntryPoint","urlTemplate":"https:\/\/www.marcellanabogados.com\/?s={search_term_string}"},"query-input":{"@type":"PropertyValueSpecification","valueRequired":true,"valueName":"search_term_string"}}],"inLanguage":"en-US"},{"@type":"Organization","@id":"https:\/\/www.marcellanabogados.com\/#organization","name":"Marcellan","url":"https:\/\/www.marcellanabogados.com\/","logo":{"@type":"ImageObject","inLanguage":"en-US","@id":"https:\/\/www.marcellanabogados.com\/#\/schema\/logo\/image\/","url":"https:\/\/www.marcellanabogados.com\/wp-content\/uploads\/2024\/10\/LOGO-NEGRO-1.png","contentUrl":"https:\/\/www.marcellanabogados.com\/wp-content\/uploads\/2024\/10\/LOGO-NEGRO-1.png","width":613,"height":117,"caption":"Marcellan"},"image":{"@id":"https:\/\/www.marcellanabogados.com\/#\/schema\/logo\/image\/"},"sameAs":["https:\/\/www.linkedin.com\/company\/marcellan-abogados\/"]}]}},"_links":{"self":[{"href":"https:\/\/www.marcellanabogados.com\/en\/wp-json\/wp\/v2\/pages\/760","targetHints":{"allow":["GET"]}}],"collection":[{"href":"https:\/\/www.marcellanabogados.com\/en\/wp-json\/wp\/v2\/pages"}],"about":[{"href":"https:\/\/www.marcellanabogados.com\/en\/wp-json\/wp\/v2\/types\/page"}],"author":[{"embeddable":true,"href":"https:\/\/www.marcellanabogados.com\/en\/wp-json\/wp\/v2\/users\/1"}],"replies":[{"embeddable":true,"href":"https:\/\/www.marcellanabogados.com\/en\/wp-json\/wp\/v2\/comments?post=760"}],"version-history":[{"count":55,"href":"https:\/\/www.marcellanabogados.com\/en\/wp-json\/wp\/v2\/pages\/760\/revisions"}],"predecessor-version":[{"id":829,"href":"https:\/\/www.marcellanabogados.com\/en\/wp-json\/wp\/v2\/pages\/760\/revisions\/829"}],"wp:attachment":[{"href":"https:\/\/www.marcellanabogados.com\/en\/wp-json\/wp\/v2\/media?parent=760"}],"curies":[{"name":"wp","href":"https:\/\/api.w.org\/{rel}","templated":true}]}}